{"id":34,"date":"2026-03-27T18:55:17","date_gmt":"2026-03-27T21:55:17","guid":{"rendered":"https:\/\/elindependiente.com.ar\/suscripcion\/?post_type=product&#038;p=34"},"modified":"2026-04-01T08:37:17","modified_gmt":"2026-04-01T11:37:17","slug":"suscripcion-anual-elindependiente","status":"publish","type":"product","link":"https:\/\/elindependiente.com.ar\/suscripcion\/?product=suscripcion-anual-elindependiente","title":{"rendered":"Suscripci\u00f3n 12 MESES Diario El Independiente"},"content":{"rendered":"<p>[ANUAL] Suscripci\u00f3n Digital | Diario El Independiente<\/p>\n","protected":false},"excerpt":{"rendered":"<p>Disfrut\u00e1 todo un a\u00f1o de noticias, reportajes y contenido exclusivo en versi\u00f3n digital interactiva. Con el Plan Anual, tendr\u00e1s acceso ilimitado a cada edici\u00f3n de <strong data-start=\"365\" data-end=\"385\">El Independiente<\/strong>, con la comodidad de leerla como si fuera la edici\u00f3n impresa, pero en tu dispositivo. Ideal para lectores que quieren estar siempre informados sin interrupciones.<\/p>\n","protected":false},"featured_media":23,"template":"","meta":[],"product_brand":[],"product_cat":[17],"product_tag":[],"class_list":{"0":"post-34","1":"product","2":"type-product","3":"status-publish","4":"has-post-thumbnail","6":"product_cat-planes-de-suscripcion","8":"first","9":"instock","10":"sale","11":"virtual","12":"sold-individually","13":"taxable","14":"purchasable","15":"product-type-simple"},"_links":{"self":[{"href":"https:\/\/elindependiente.com.ar\/suscripcion\/index.php?rest_route=\/wp\/v2\/product\/34","targetHints":{"allow":["GET"]}}],"collection":[{"href":"https:\/\/elindependiente.com.ar\/suscripcion\/index.php?rest_route=\/wp\/v2\/product"}],"about":[{"href":"https:\/\/elindependiente.com.ar\/suscripcion\/index.php?rest_route=\/wp\/v2\/types\/product"}],"wp:featuredmedia":[{"embeddable":true,"href":"https:\/\/elindependiente.com.ar\/suscripcion\/index.php?rest_route=\/wp\/v2\/media\/23"}],"wp:attachment":[{"href":"https:\/\/elindependiente.com.ar\/suscripcion\/index.php?rest_route=%2Fwp%2Fv2%2Fmedia&parent=34"}],"wp:term":[{"taxonomy":"product_brand","embeddable":true,"href":"https:\/\/elindependiente.com.ar\/suscripcion\/index.php?rest_route=%2Fwp%2Fv2%2Fproduct_brand&post=34"},{"taxonomy":"product_cat","embeddable":true,"href":"https:\/\/elindependiente.com.ar\/suscripcion\/index.php?rest_route=%2Fwp%2Fv2%2Fproduct_cat&post=34"},{"taxonomy":"product_tag","embeddable":true,"href":"https:\/\/elindependiente.com.ar\/suscripcion\/index.php?rest_route=%2Fwp%2Fv2%2Fproduct_tag&post=34"}],"curies":[{"name":"wp","href":"https:\/\/api.w.org\/{rel}","templated":true}]}}