{"id":12,"date":"2026-04-01T01:37:22","date_gmt":"2026-04-01T04:37:22","guid":{"rendered":"https:\/\/elindependiente.com.ar\/suscripcion\/?page_id=12"},"modified":"2026-04-01T01:37:22","modified_gmt":"2026-04-01T04:37:22","slug":"politica-de-privacidad","status":"publish","type":"page","link":"https:\/\/elindependiente.com.ar\/suscripcion\/?page_id=12","title":{"rendered":"Pol\u00edtica de privacidad"},"content":{"rendered":"\n<h2 class=\"wp-block-heading\">Qui\u00e9nes somos<\/h2>\n\n\n\n<p>Somos Medios El Independiente COPEGRAF LTDA.<\/p>\n\n\n\n<h2 class=\"wp-block-heading\">Cookies<\/h2>\n\n\n\n<p>Si ten\u00e9s una cuenta e inici\u00e1s sesi\u00f3n en este sitio, estableceremos una cookie temporal para determinar si tu navegador acepta cookies. Esta cookie no contiene datos personales y es descartada al cerrar el navegador.<\/p>\n\n\n\n<p>Cuando inici\u00e1s sesi\u00f3n, tambi\u00e9n configuraremos varias cookies para guardar tu informaci\u00f3n de inicio de sesi\u00f3n y tus opciones de visualizaci\u00f3n en pantalla. Las cookies de inicio de sesi\u00f3n duran dos d\u00edas y las cookies de opciones de pantalla duran un a\u00f1o. Si seleccion\u00e1s &#8220;Recordarme&#8221;, tu inicio de sesi\u00f3n se mantendr\u00e1 durante dos semanas. Si cerr\u00e1s la sesi\u00f3n, se eliminar\u00e1n las cookies de inicio de sesi\u00f3n.<\/p>\n\n\n\n<h2 class=\"wp-block-heading\">Contenido embebido desde otros sitios web<\/h2>\n\n\n\n<p>Los art\u00edculos en este sitio pueden incluir contenido incrustado (por ejemplo, videos, im\u00e1genes, art\u00edculos, etc.). El contenido incrustado de otros sitios web se comporta de la misma manera que si el visitante hubiera visitado el otro sitio web.<\/p>\n\n\n\n<p>Estos sitios web pueden recopilar tus datos, utilizar cookies, incrustar un sistema de seguimiento de terceros y supervisar su interacci\u00f3n con ese contenido incrustado, incluyendo el rastreo de tu interacci\u00f3n con el contenido incrustado si ten\u00e9s una cuenta y est\u00e1s conectado a ese sitio web.<\/p>\n\n\n\n<h2 class=\"wp-block-heading\">Con qui\u00e9n compartimos datos<\/h2>\n\n\n\n<p>Si solicit\u00e1s un restablecimiento de contrase\u00f1a, tu direcci\u00f3n IP ser\u00e1 incluida en el correo electr\u00f3nico de restablecimiento.<\/p>\n\n\n\n<h2 class=\"wp-block-heading\">Cu\u00e1nto tiempo guardamos tus datos<\/h2>\n\n\n\n<p>Para los usuarios que se registran en nuestro sitio web (si corresponde), tambi\u00e9n almacenamos la informaci\u00f3n personal que proporcionan en su perfil de usuario. Todos los usuarios pueden ver, editar o eliminar su informaci\u00f3n personal en cualquier momento (excepto que no pueden cambiar su nombre de usuario). Los administradores del sitio web tambi\u00e9n pueden ver y editar esa informaci\u00f3n.<\/p>\n\n\n\n<h2 class=\"wp-block-heading\">Qu\u00e9 derechos ten\u00e9s sobre tus datos<\/h2>\n\n\n\n<p>Si ten\u00e9s una cuenta en este sitio, pod\u00e9s solicitar un archivo exportado de los datos personales tuyos que tenemos, incluidos los datos que nos hayas proporcionado. Tambi\u00e9n pod\u00e9s solicitar que borremos cualquier dato personal tuyo que tengamos. Esto no incluye datos que estamos obligados a mantener para fines administrativos, legales o de seguridad.<\/p>\n\n\n\n<p><\/p>\n","protected":false},"excerpt":{"rendered":"<p>Qui\u00e9nes somos Somos Medios El Independiente COPEGRAF LTDA. Cookies Si ten\u00e9s una cuenta e inici\u00e1s sesi\u00f3n en este sitio, estableceremos una cookie temporal para determinar si tu navegador acepta cookies. Esta cookie no contiene datos personales y es descartada al cerrar el navegador. Cuando inici\u00e1s sesi\u00f3n, tambi\u00e9n configuraremos varias cookies para guardar tu informaci\u00f3n de [&hellip;]<\/p>\n","protected":false},"author":1,"featured_media":0,"parent":0,"menu_order":0,"comment_status":"closed","ping_status":"closed","template":"","meta":{"footnotes":""},"class_list":["post-12","page","type-page","status-publish","hentry"],"_links":{"self":[{"href":"https:\/\/elindependiente.com.ar\/suscripcion\/index.php?rest_route=\/wp\/v2\/pages\/12","targetHints":{"allow":["GET"]}}],"collection":[{"href":"https:\/\/elindependiente.com.ar\/suscripcion\/index.php?rest_route=\/wp\/v2\/pages"}],"about":[{"href":"https:\/\/elindependiente.com.ar\/suscripcion\/index.php?rest_route=\/wp\/v2\/types\/page"}],"author":[{"embeddable":true,"href":"https:\/\/elindependiente.com.ar\/suscripcion\/index.php?rest_route=\/wp\/v2\/users\/1"}],"replies":[{"embeddable":true,"href":"https:\/\/elindependiente.com.ar\/suscripcion\/index.php?rest_route=%2Fwp%2Fv2%2Fcomments&post=12"}],"version-history":[{"count":1,"href":"https:\/\/elindependiente.com.ar\/suscripcion\/index.php?rest_route=\/wp\/v2\/pages\/12\/revisions"}],"predecessor-version":[{"id":90,"href":"https:\/\/elindependiente.com.ar\/suscripcion\/index.php?rest_route=\/wp\/v2\/pages\/12\/revisions\/90"}],"wp:attachment":[{"href":"https:\/\/elindependiente.com.ar\/suscripcion\/index.php?rest_route=%2Fwp%2Fv2%2Fmedia&parent=12"}],"curies":[{"name":"wp","href":"https:\/\/api.w.org\/{rel}","templated":true}]}}